{"id":2043,"date":"2024-09-26T13:51:12","date_gmt":"2024-09-26T13:51:12","guid":{"rendered":"https:\/\/mondodarterugs.com\/?post_type=product&#038;p=2043"},"modified":"2024-11-12T13:26:58","modified_gmt":"2024-11-12T12:26:58","slug":"saruq-2","status":"publish","type":"product","link":"https:\/\/mondodarterugs.com\/en\/product\/saruq-2\/","title":{"rendered":"SARUQ"},"content":{"rendered":"<p><strong>SIZE<\/strong> 160 cm x 100 cm <br \/>\n<strong>ORIGIN<\/strong> Persia <br \/>\n<strong>PILE<\/strong> Wool, Silk <br \/>\n<strong>WEFT<\/strong> Cotton <br \/>\n<strong>WARP<\/strong> Cotton <br \/>\n<strong>MANIFACTURE<\/strong> Hand-Knotted <br \/>\n<strong>EXTRA<\/strong> &#8212; <br \/>\n<strong>CODE<\/strong> S_CPF_2032 <\/p>","protected":false},"excerpt":{"rendered":"<p>SARUQ con motivo floreale. I SARUQ prendono il nome dalla citt\u00e0 d&#8217;origine e si distinguono per la propria solidit\u00e0, eleganza del disegno e cromie ricercate. I SARUQ sono tra i tappeti pi\u00f9 esportati in Occidente, soprattutto negli USA, tanto da essere disponibili in una variante definita SARUQ AMERICANO, caratterizzata da design floreale e alta qualit\u00e0.<\/p>","protected":false},"featured_media":2045,"comment_status":"open","ping_status":"closed","template":"","meta":[],"product_brand":[],"product_cat":[24,28,61],"product_tag":[],"class_list":{"0":"post-2043","1":"product","2":"type-product","3":"status-publish","4":"has-post-thumbnail","6":"product_cat-classici","7":"product_cat-tribali","8":"product_cat-persiani","9":"pa_colore-giallo","10":"pa_colore-rosa","11":"pa_forma-rettangolari","12":"pa_materiale-lana","13":"pa_materiale-lanacotone","14":"pa_materiale-lanaseta","15":"pa_misure-small","16":"pa_trend-floreale","18":"first","19":"instock","20":"shipping-taxable","21":"purchasable","22":"product-type-simple"},"_links":{"self":[{"href":"https:\/\/mondodarterugs.com\/en\/wp-json\/wp\/v2\/product\/2043","targetHints":{"allow":["GET"]}}],"collection":[{"href":"https:\/\/mondodarterugs.com\/en\/wp-json\/wp\/v2\/product"}],"about":[{"href":"https:\/\/mondodarterugs.com\/en\/wp-json\/wp\/v2\/types\/product"}],"replies":[{"embeddable":true,"href":"https:\/\/mondodarterugs.com\/en\/wp-json\/wp\/v2\/comments?post=2043"}],"wp:featuredmedia":[{"embeddable":true,"href":"https:\/\/mondodarterugs.com\/en\/wp-json\/wp\/v2\/media\/2045"}],"wp:attachment":[{"href":"https:\/\/mondodarterugs.com\/en\/wp-json\/wp\/v2\/media?parent=2043"}],"wp:term":[{"taxonomy":"product_brand","embeddable":true,"href":"https:\/\/mondodarterugs.com\/en\/wp-json\/wp\/v2\/product_brand?post=2043"},{"taxonomy":"product_cat","embeddable":true,"href":"https:\/\/mondodarterugs.com\/en\/wp-json\/wp\/v2\/product_cat?post=2043"},{"taxonomy":"product_tag","embeddable":true,"href":"https:\/\/mondodarterugs.com\/en\/wp-json\/wp\/v2\/product_tag?post=2043"}],"curies":[{"name":"wp","href":"https:\/\/api.w.org\/{rel}","templated":true}]}}